{"id":8102,"date":"2025-03-16T18:06:27","date_gmt":"2025-03-16T18:06:27","guid":{"rendered":"https:\/\/efotechnology.org\/index.php\/unternehmen-2\/"},"modified":"2025-03-16T22:07:08","modified_gmt":"2025-03-16T22:07:08","slug":"underbold","status":"publish","type":"page","link":"https:\/\/efotechnology.org\/index.php\/underbold\/","title":{"rendered":"Underbold\u00ae"},"content":{"rendered":"\t\t<div data-elementor-type=\"wp-page\" data-elementor-id=\"8102\" class=\"elementor elementor-8102\" data-elementor-post-type=\"page\">\n\t\t\t\t<div class=\"elementor-element elementor-element-38517cc e-flex e-con-boxed e-con e-parent\" data-id=\"38517cc\" data-element_type=\"container\">\n\t\t\t\t\t<div class=\"e-con-inner\">\n\t\t\t\t<div class=\"elementor-element elementor-element-6f5167d elementor-widget elementor-widget-image-carousel\" data-id=\"6f5167d\" data-element_type=\"widget\" data-settings=\"{&quot;slides_to_show&quot;:&quot;1&quot;,&quot;navigation&quot;:&quot;none&quot;,&quot;autoplay&quot;:&quot;yes&quot;,&quot;pause_on_hover&quot;:&quot;yes&quot;,&quot;pause_on_interaction&quot;:&quot;yes&quot;,&quot;autoplay_speed&quot;:5000,&quot;infinite&quot;:&quot;yes&quot;,&quot;effect&quot;:&quot;slide&quot;,&quot;speed&quot;:500}\" data-widget_type=\"image-carousel.default\">\n\t\t\t\t<div class=\"elementor-widget-container\">\n\t\t\t\t\t\t\t<div class=\"elementor-image-carousel-wrapper swiper\" role=\"region\" aria-roledescription=\"carousel\" aria-label=\"Bild Karussell\" dir=\"ltr\">\n\t\t\t<div class=\"elementor-image-carousel swiper-wrapper\" aria-live=\"off\">\n\t\t\t\t\t\t\t\t<div class=\"swiper-slide\" role=\"group\" aria-roledescription=\"slide\" aria-label=\"1 von 4\"><figure class=\"swiper-slide-inner\"><img decoding=\"async\" class=\"swiper-slide-image\" src=\"https:\/\/efotechnology.org\/wp-content\/uploads\/2025\/03\/ALP-Group.png\" alt=\"ALP-Group\" \/><\/figure><\/div><div class=\"swiper-slide\" role=\"group\" aria-roledescription=\"slide\" aria-label=\"2 von 4\"><figure class=\"swiper-slide-inner\"><img decoding=\"async\" class=\"swiper-slide-image\" src=\"https:\/\/efotechnology.org\/wp-content\/uploads\/2025\/03\/Unweltfreundlicher-1.png\" alt=\"Unweltfreundlicher-1\" \/><\/figure><\/div><div class=\"swiper-slide\" role=\"group\" aria-roledescription=\"slide\" aria-label=\"3 von 4\"><figure class=\"swiper-slide-inner\"><img decoding=\"async\" class=\"swiper-slide-image\" src=\"https:\/\/efotechnology.org\/wp-content\/uploads\/2025\/03\/Fortschritt-durch-Innovation-1.png\" alt=\"Fortschritt-durch-Innovation-1\" \/><\/figure><\/div><div class=\"swiper-slide\" role=\"group\" aria-roledescription=\"slide\" aria-label=\"4 von 4\"><figure class=\"swiper-slide-inner\"><img decoding=\"async\" class=\"swiper-slide-image\" src=\"https:\/\/efotechnology.org\/wp-content\/uploads\/2025\/03\/Umweltschutz1.png\" alt=\"Umweltschutz1\" \/><\/figure><\/div>\t\t\t<\/div>\n\t\t\t\t\t\t\t\n\t\t\t\t\t\t\t\t\t<\/div>\n\t\t\t\t\t\t<\/div>\n\t\t\t\t<\/div>\n\t\t\t\t\t<\/div>\n\t\t\t\t<\/div>\n\t\t<div class=\"elementor-element elementor-element-1b3c87b e-flex e-con-boxed e-con e-parent\" data-id=\"1b3c87b\" data-element_type=\"container\">\n\t\t\t\t\t<div class=\"e-con-inner\">\n\t\t\t\t<div class=\"elementor-element elementor-element-1b1896c elementor-widget elementor-widget-spacer\" data-id=\"1b1896c\" data-element_type=\"widget\" data-widget_type=\"spacer.default\">\n\t\t\t\t<div class=\"elementor-widget-container\">\n\t\t\t\t\t\t\t<div class=\"elementor-spacer\">\n\t\t\t<div class=\"elementor-spacer-inner\"><\/div>\n\t\t<\/div>\n\t\t\t\t\t\t<\/div>\n\t\t\t\t<\/div>\n\t\t\t\t\t<\/div>\n\t\t\t\t<\/div>\n\t\t<div class=\"elementor-element elementor-element-bbec363 e-flex e-con-boxed e-con e-parent\" data-id=\"bbec363\" data-element_type=\"container\">\n\t\t\t\t\t<div class=\"e-con-inner\">\n\t\t\t\t<div class=\"elementor-element elementor-element-81368d5 elementor-widget elementor-widget-text-editor\" data-id=\"81368d5\" data-element_type=\"widget\" data-widget_type=\"text-editor.default\">\n\t\t\t\t<div class=\"elementor-widget-container\">\n\t\t\t\t\t\t\t\t\t<h4>Alternative mit Vorteilen<\/h4><p>\u00a0<\/p><p>Mit Underbold\u00ae-Wachsemulsionen bieten wir Alternativen zur Bodenstabilisierung mit nennenswerten Vorteilen in \u00f6konomischer, \u00f6kologischer und technischer Hinsicht. Unsere Produkte der Underbold\u00ae-Gruppe verbinden einzigartig die gew\u00fcnschten Eigenschaften zur Herstellung einer kosteng\u00fcnstigen, lange tragf\u00e4higen, belastbaren und hochwertigen Fahrbahnbefestigung.<\/p>\t\t\t\t\t\t\t\t<\/div>\n\t\t\t\t<\/div>\n\t\t\t\t\t<\/div>\n\t\t\t\t<\/div>\n\t\t<div class=\"elementor-element elementor-element-2d065d3 e-flex e-con-boxed e-con e-parent\" data-id=\"2d065d3\" data-element_type=\"container\">\n\t\t\t\t\t<div class=\"e-con-inner\">\n\t\t\t\t<div class=\"elementor-element elementor-element-7ece60f elementor-widget-divider--view-line elementor-widget elementor-widget-divider\" data-id=\"7ece60f\" data-element_type=\"widget\" data-widget_type=\"divider.default\">\n\t\t\t\t<div class=\"elementor-widget-container\">\n\t\t\t\t\t\t\t<div class=\"elementor-divider\">\n\t\t\t<span class=\"elementor-divider-separator\">\n\t\t\t\t\t\t<\/span>\n\t\t<\/div>\n\t\t\t\t\t\t<\/div>\n\t\t\t\t<\/div>\n\t\t\t\t\t<\/div>\n\t\t\t\t<\/div>\n\t\t<div class=\"elementor-element elementor-element-ac2ae41 e-flex e-con-boxed e-con e-parent\" data-id=\"ac2ae41\" data-element_type=\"container\">\n\t\t\t\t\t<div class=\"e-con-inner\">\n\t\t\t\t<div class=\"elementor-element elementor-element-412df00 elementor-widget elementor-widget-text-editor\" data-id=\"412df00\" data-element_type=\"widget\" data-widget_type=\"text-editor.default\">\n\t\t\t\t<div class=\"elementor-widget-container\">\n\t\t\t\t\t\t\t\t\t<h4>Bodenstabilisierung ohne Bodenaustausch<\/h4><p>\u00a0<\/p><p>Mit unseren patentierten Produkten der Underbold\u00ae-Gruppe bauen internationale Bauunternehmen den Unterbau von Fl\u00e4chen, Stra\u00dfen, Flugh\u00e4fen oder sonstigen Verkehrswegen, ohne einen kostenintensiven Bodenaustausch durchzuf\u00fchren.<\/p>\t\t\t\t\t\t\t\t<\/div>\n\t\t\t\t<\/div>\n\t\t\t\t\t<\/div>\n\t\t\t\t<\/div>\n\t\t<div class=\"elementor-element elementor-element-c3e1051 e-flex e-con-boxed e-con e-parent\" data-id=\"c3e1051\" data-element_type=\"container\">\n\t\t\t\t\t<div class=\"e-con-inner\">\n\t\t\t\t<div class=\"elementor-element elementor-element-d6ddbb8 elementor-widget-divider--view-line elementor-widget elementor-widget-divider\" data-id=\"d6ddbb8\" data-element_type=\"widget\" data-widget_type=\"divider.default\">\n\t\t\t\t<div class=\"elementor-widget-container\">\n\t\t\t\t\t\t\t<div class=\"elementor-divider\">\n\t\t\t<span class=\"elementor-divider-separator\">\n\t\t\t\t\t\t<\/span>\n\t\t<\/div>\n\t\t\t\t\t\t<\/div>\n\t\t\t\t<\/div>\n\t\t\t\t\t<\/div>\n\t\t\t\t<\/div>\n\t\t<div class=\"elementor-element elementor-element-87ee13b e-flex e-con-boxed e-con e-parent\" data-id=\"87ee13b\" data-element_type=\"container\">\n\t\t\t\t\t<div class=\"e-con-inner\">\n\t\t\t\t<div class=\"elementor-element elementor-element-fcecf5a elementor-widget elementor-widget-text-editor\" data-id=\"fcecf5a\" data-element_type=\"widget\" data-widget_type=\"text-editor.default\">\n\t\t\t\t<div class=\"elementor-widget-container\">\n\t\t\t\t\t\t\t\t\t<h4>H\u00f6here Druckfestigkeit<\/h4><p>\u00a0<\/p><p>Durch dieses innovative Bauverfahren wird eine h\u00f6here Druckfestigkeit erreicht, als bei konventionellen Baumethoden m\u00f6glich w\u00e4re. Das ist bei hohen Druckbelastungen notwendig und verhindert nachhaltig Spurrinnenbildung im Belag.<\/p>\t\t\t\t\t\t\t\t<\/div>\n\t\t\t\t<\/div>\n\t\t\t\t\t<\/div>\n\t\t\t\t<\/div>\n\t\t<div class=\"elementor-element elementor-element-230aa58 e-flex e-con-boxed e-con e-parent\" data-id=\"230aa58\" data-element_type=\"container\">\n\t\t\t\t\t<div class=\"e-con-inner\">\n\t\t\t\t<div class=\"elementor-element elementor-element-354b5ad elementor-widget-divider--view-line elementor-widget elementor-widget-divider\" data-id=\"354b5ad\" data-element_type=\"widget\" data-widget_type=\"divider.default\">\n\t\t\t\t<div class=\"elementor-widget-container\">\n\t\t\t\t\t\t\t<div class=\"elementor-divider\">\n\t\t\t<span class=\"elementor-divider-separator\">\n\t\t\t\t\t\t<\/span>\n\t\t<\/div>\n\t\t\t\t\t\t<\/div>\n\t\t\t\t<\/div>\n\t\t\t\t\t<\/div>\n\t\t\t\t<\/div>\n\t\t<div class=\"elementor-element elementor-element-c45e646 e-flex e-con-boxed e-con e-parent\" data-id=\"c45e646\" data-element_type=\"container\">\n\t\t\t\t\t<div class=\"e-con-inner\">\n\t\t\t\t<div class=\"elementor-element elementor-element-86061ed elementor-widget elementor-widget-text-editor\" data-id=\"86061ed\" data-element_type=\"widget\" data-widget_type=\"text-editor.default\">\n\t\t\t\t<div class=\"elementor-widget-container\">\n\t\t\t\t\t\t\t\t\t<h4>Verbindungsf\u00e4hig und wasserabweisend<\/h4><p>\u00a0<\/p><p>Underbold\u00ae steigert massiv die Verbindungsf\u00e4higkeit des Erdreichs und ist im h\u00f6chsten Ma\u00dfe wasserabweisend. Durch Hydrophobierung des behandelten Bodens oder Gesteins wird mit Underbold\u00ae-Produkten ein nahezu wasserfestes Endprodukt erreicht, wodurch im Ergebnis eine deutlich l\u00e4ngere Haltbarkeit des Baus erzielt wird.<\/p>\t\t\t\t\t\t\t\t<\/div>\n\t\t\t\t<\/div>\n\t\t\t\t\t<\/div>\n\t\t\t\t<\/div>\n\t\t<div class=\"elementor-element elementor-element-6ca4c32 e-flex e-con-boxed e-con e-parent\" data-id=\"6ca4c32\" data-element_type=\"container\">\n\t\t\t\t\t<div class=\"e-con-inner\">\n\t\t\t\t<div class=\"elementor-element elementor-element-17d276c elementor-widget elementor-widget-text-editor\" data-id=\"17d276c\" data-element_type=\"widget\" data-widget_type=\"text-editor.default\">\n\t\t\t\t<div class=\"elementor-widget-container\">\n\t\t\t\t\t\t\t\t\t<h4>Produktbezogener Umweltschutz<\/h4><p>\u00a0<\/p><p>Infrastrukturprojekte haben erhebliche Auswirkungen auf die nat\u00fcrliche Umwelt \u2013 auf Boden, Luft und Grundwasser. Bei der Entwicklung der Wachsemulsion waren wir uns dessen bewusst. Die in Deutschland entwickelten und produzierten Wachsemulsionen sind rein biologisch und vollst\u00e4ndig abbaubar.<\/p><p>\u00a0<\/p><p>Underbold\u00ae leistet einen Beitrag zur Reduzierung des CO2-Aussto\u00dfes und verhindert notwendigen \u201eRaubbau\u201c durch Abtragen nat\u00fcrlichen Gesteins. Der logistische Aufwand reduziert sich drastisch, da kein Gestein, Sand oder andere Materialien f\u00fcr den Bodenaustausch ben\u00f6tigt werden und kein Aushubmaterial entsteht.<\/p>\t\t\t\t\t\t\t\t<\/div>\n\t\t\t\t<\/div>\n\t\t\t\t\t<\/div>\n\t\t\t\t<\/div>\n\t\t<div class=\"elementor-element elementor-element-d12b9b8 e-flex e-con-boxed e-con e-parent\" data-id=\"d12b9b8\" data-element_type=\"container\">\n\t\t\t\t\t<div class=\"e-con-inner\">\n\t\t\t\t<div class=\"elementor-element elementor-element-c4da01a elementor-widget elementor-widget-text-editor\" data-id=\"c4da01a\" data-element_type=\"widget\" data-widget_type=\"text-editor.default\">\n\t\t\t\t<div class=\"elementor-widget-container\">\n\t\t\t\t\t\t\t\t\t<h4>Einsetzbar f\u00fcr unterschiedlichste Bodenarten<\/h4><p>\u00a0<\/p><p>Unsere Underbold\u00ae-Produkte sind f\u00fcr fast alle Bodenarten einsetzbar. Die Bodenbeschaffenheit wird vor Baubeginn von unseren Experten weitgehend analysiert. Die Verarbeitung kann nach professioneller Know-How-\u00dcbertragung von ortsans\u00e4ssigen Unternehmen mit herk\u00f6mmlichen Baumaschinen problemlos vorgenommen werden.<\/p>\t\t\t\t\t\t\t\t<\/div>\n\t\t\t\t<\/div>\n\t\t\t\t\t<\/div>\n\t\t\t\t<\/div>\n\t\t<div class=\"elementor-element elementor-element-b39a4c4 e-flex e-con-boxed e-con e-parent\" data-id=\"b39a4c4\" data-element_type=\"container\">\n\t\t\t\t\t<div class=\"e-con-inner\">\n\t\t\t\t<div class=\"elementor-element elementor-element-6d8f997 elementor-widget elementor-widget-text-editor\" data-id=\"6d8f997\" data-element_type=\"widget\" data-widget_type=\"text-editor.default\">\n\t\t\t\t<div class=\"elementor-widget-container\">\n\t\t\t\t\t\t\t\t\t<h4>Underbold\u00ae-Produkte<\/h4><p>\u00a0<\/p><p>Unsere Innovationsfreude setzt den grundlegenden Baustein unserer Wettbewerbsf\u00e4higkeit. Wir entwickeln immer innovativere und effizientere Produkte, um unseren Kunden signifikante Kosten- und Qualit\u00e4tsvorteile gegen\u00fcber konventionellen Methoden und Technologien zu bieten. Unser Ansatz: MEHR aus WENIGER \u2013 mit weniger Einsatz von Ressourcen wie Zeit, Personal oder Maschinenstunden mehr erreichen.<\/p>\t\t\t\t\t\t\t\t<\/div>\n\t\t\t\t<\/div>\n\t\t\t\t\t<\/div>\n\t\t\t\t<\/div>\n\t\t<div class=\"elementor-element elementor-element-f5d563e e-flex e-con-boxed e-con e-parent\" data-id=\"f5d563e\" data-element_type=\"container\">\n\t\t\t\t\t<div class=\"e-con-inner\">\n\t\t\t\t<div class=\"elementor-element elementor-element-456eedb elementor-widget elementor-widget-text-editor\" data-id=\"456eedb\" data-element_type=\"widget\" data-widget_type=\"text-editor.default\">\n\t\t\t\t<div class=\"elementor-widget-container\">\n\t\t\t\t\t\t\t\t\t<h4>Anwendungsgebiete:<\/h4><p>\u00a0<\/p><p>Die Verwendung unserer Underbold\u00ae-Produkte ist f\u00fcr alle Fl\u00e4chen geeignet, die Druckbelastungen und klimatischen Herausforderungen ausgesetzt sind.<\/p><p>Zum Beispiel:<br \/>Autobahnen, Fluglandebahnen, Stadtstra\u00dfen, Orts- und Landstra\u00dfen, Forstwege, Feldwege, Wirtschaftswege, Radwege, Industriefl\u00e4che, Parkpl\u00e4tze, Spielpl\u00e4tze<\/p>\t\t\t\t\t\t\t\t<\/div>\n\t\t\t\t<\/div>\n\t\t\t\t\t<\/div>\n\t\t\t\t<\/div>\n\t\t<div class=\"elementor-element elementor-element-19e1032 e-flex e-con-boxed e-con e-parent\" data-id=\"19e1032\" data-element_type=\"container\">\n\t\t\t\t\t<div class=\"e-con-inner\">\n\t\t\t\t<div class=\"elementor-element elementor-element-989d8b6 elementor-widget elementor-widget-spacer\" data-id=\"989d8b6\" data-element_type=\"widget\" data-widget_type=\"spacer.default\">\n\t\t\t\t<div class=\"elementor-widget-container\">\n\t\t\t\t\t\t\t<div class=\"elementor-spacer\">\n\t\t\t<div class=\"elementor-spacer-inner\"><\/div>\n\t\t<\/div>\n\t\t\t\t\t\t<\/div>\n\t\t\t\t<\/div>\n\t\t\t\t\t<\/div>\n\t\t\t\t<\/div>\n\t\t\t\t<section class=\"elementor-section elementor-top-section elementor-element elementor-element-2d22a95 elementor-section-full_width elementor-section-height-default elementor-section-height-default\" data-id=\"2d22a95\" data-element_type=\"section\" data-settings=\"{&quot;background_background&quot;:&quot;classic&quot;}\">\n\t\t\t\t\t\t<div class=\"elementor-container elementor-column-gap-default\">\n\t\t\t\t\t<div class=\"elementor-column elementor-col-25 elementor-top-column elementor-element elementor-element-189a5e7 bg_top_left animated-fast elementor-invisible\" data-id=\"189a5e7\" data-element_type=\"column\" data-settings=\"{&quot;animation&quot;:&quot;fadeInUp&quot;}\">\n\t\t\t<div class=\"elementor-widget-wrap elementor-element-populated\">\n\t\t\t\t\t\t<div class=\"elementor-element elementor-element-4dece34 elementor-widget__width-initial elementor-widget elementor-widget-image\" data-id=\"4dece34\" data-element_type=\"widget\" data-widget_type=\"image.default\">\n\t\t\t\t<div class=\"elementor-widget-container\">\n\t\t\t\t\t\t\t\t\t\t\t\t\t\t\t<img decoding=\"async\" width=\"300\" height=\"155\" src=\"https:\/\/efotechnology.org\/wp-content\/uploads\/2025\/03\/logo-white-300x155.webp\" class=\"attachment-medium size-medium wp-image-7913\" alt=\"\" srcset=\"https:\/\/efotechnology.org\/wp-content\/uploads\/2025\/03\/logo-white-300x155.webp 300w, https:\/\/efotechnology.org\/wp-content\/uploads\/2025\/03\/logo-white.webp 512w\" sizes=\"(max-width: 300px) 100vw, 300px\" \/>\t\t\t\t\t\t\t\t\t\t\t\t\t\t\t<\/div>\n\t\t\t\t<\/div>\n\t\t\t\t<div class=\"elementor-element elementor-element-f161c9b elementor-widget__width-initial elementor-widget elementor-widget-text-editor\" data-id=\"f161c9b\" data-element_type=\"widget\" data-widget_type=\"text-editor.default\">\n\t\t\t\t<div class=\"elementor-widget-container\">\n\t\t\t\t\t\t\t\t\t<p><b>Alipour Group GmbH<\/b><br \/><br \/>Steinmetzstra\u00dfe 2 <br \/>86165 Augsburg Germany<br \/>P.+49 821 44 96 89 43 <br \/>F.+49 821 44 97 20 27 <br \/>info@alipour-group.com<\/p>\t\t\t\t\t\t\t\t<\/div>\n\t\t\t\t<\/div>\n\t\t\t\t\t<\/div>\n\t\t<\/div>\n\t\t\t\t<div class=\"elementor-column elementor-col-25 elementor-top-column elementor-element elementor-element-61b3b35 bg_top_left animated-fast elementor-invisible\" data-id=\"61b3b35\" data-element_type=\"column\" data-settings=\"{&quot;animation&quot;:&quot;fadeInUp&quot;}\">\n\t\t\t<div class=\"elementor-widget-wrap elementor-element-populated\">\n\t\t\t\t\t\t<div class=\"elementor-element elementor-element-f084fdd elementor-widget__width-initial elementor-widget elementor-widget-text-editor\" data-id=\"f084fdd\" data-element_type=\"widget\" data-widget_type=\"text-editor.default\">\n\t\t\t\t<div class=\"elementor-widget-container\">\n\t\t\t\t\t\t\t\t\t<div class=\"col-xs-12 col-sm-6 col-md-6 col-lg-3\"><p><b>Sitemap<\/b><\/p><ul id=\"menu-sitemap-de\" class=\"sitemap animate\"><li id=\"menu-item-67\" class=\"menu-item menu-item-type-post_type menu-item-object-page menu-item-67\"><a title=\"Unternehmen\" href=\"https:\/\/efotechnology.org\/index.php\/unternehmen\/\">Unternehmen<\/a><\/li><li id=\"menu-item-69\" class=\"menu-item menu-item-type-post_type menu-item-object-page menu-item-69\"><a title=\"International\" href=\"https:\/\/efotechnology.org\/index.php\/international\/\">International<\/a><\/li><li id=\"menu-item-489\" class=\"menu-item menu-item-type-post_type menu-item-object-page menu-item-489\"><a title=\"Datenschutz\" href=\"https:\/\/efotechnology.org\/index.php\/datenschutz-2\/\">Datenschutz<\/a><\/li><li id=\"menu-item-488\" class=\"menu-item menu-item-type-post_type menu-item-object-page menu-item-488\"><a title=\"Impressum\" href=\"https:\/\/efotechnology.org\/index.php\/impressum\/\">Impressum<\/a><\/li><\/ul><\/div>\t\t\t\t\t\t\t\t<\/div>\n\t\t\t\t<\/div>\n\t\t\t\t\t<\/div>\n\t\t<\/div>\n\t\t\t\t<div class=\"elementor-column elementor-col-25 elementor-top-column elementor-element elementor-element-d2709b9 bg_top_left animated-fast elementor-invisible\" data-id=\"d2709b9\" data-element_type=\"column\" data-settings=\"{&quot;animation&quot;:&quot;fadeInUp&quot;}\">\n\t\t\t<div class=\"elementor-widget-wrap elementor-element-populated\">\n\t\t\t\t\t\t<div class=\"elementor-element elementor-element-604b64c elementor-widget__width-initial elementor-widget elementor-widget-text-editor\" data-id=\"604b64c\" data-element_type=\"widget\" data-widget_type=\"text-editor.default\">\n\t\t\t\t<div class=\"elementor-widget-container\">\n\t\t\t\t\t\t\t\t\t<p><b>Sie haben Fragen? Dann kontaktieren Sie uns.<\/b><\/p><p>Gerne beantworten wir Ihre Fragen zu unserem Unternehmen<br \/>und freuen uns jederzeit \u00fcber Ihre Anregungen und Feedback.<\/p>\t\t\t\t\t\t\t\t<\/div>\n\t\t\t\t<\/div>\n\t\t\t\t\t<\/div>\n\t\t<\/div>\n\t\t\t\t<div class=\"elementor-column elementor-col-25 elementor-top-column elementor-element elementor-element-4b6ccd7 bg_top_left animated-fast elementor-invisible\" data-id=\"4b6ccd7\" data-element_type=\"column\" data-settings=\"{&quot;animation&quot;:&quot;fadeInUp&quot;}\">\n\t\t\t<div class=\"elementor-widget-wrap elementor-element-populated\">\n\t\t\t\t\t\t<div class=\"elementor-element elementor-element-94cedd3 elementor-button-align-stretch elementor-widget elementor-widget-form\" data-id=\"94cedd3\" data-element_type=\"widget\" data-settings=\"{&quot;button_width&quot;:&quot;40&quot;,&quot;step_next_label&quot;:&quot;Next&quot;,&quot;step_previous_label&quot;:&quot;Previous&quot;,&quot;step_type&quot;:&quot;number_text&quot;,&quot;step_icon_shape&quot;:&quot;circle&quot;}\" data-widget_type=\"form.default\">\n\t\t\t\t<div class=\"elementor-widget-container\">\n\t\t\t\t\t\t\t<form class=\"elementor-form\" method=\"post\" name=\"New Form\">\n\t\t\t<input type=\"hidden\" name=\"post_id\" value=\"8102\"\/>\n\t\t\t<input type=\"hidden\" name=\"form_id\" value=\"94cedd3\"\/>\n\t\t\t<input type=\"hidden\" name=\"referer_title\" value=\"\" \/>\n\n\t\t\t\n\t\t\t<div class=\"elementor-form-fields-wrapper elementor-labels-\">\n\t\t\t\t\t\t\t\t<div class=\"elementor-field-type-text elementor-field-group elementor-column elementor-field-group-name elementor-col-50\">\n\t\t\t\t\t\t\t\t\t\t\t\t<label for=\"form-field-name\" class=\"elementor-field-label elementor-screen-only\">\n\t\t\t\t\t\t\t\tName\t\t\t\t\t\t\t<\/label>\n\t\t\t\t\t\t\t\t\t\t\t\t\t\t<input size=\"1\" type=\"text\" name=\"form_fields[name]\" id=\"form-field-name\" class=\"elementor-field elementor-size-xs  elementor-field-textual\" placeholder=\"Name\">\n\t\t\t\t\t\t\t\t\t\t\t<\/div>\n\t\t\t\t\t\t\t\t<div class=\"elementor-field-type-email elementor-field-group elementor-column elementor-field-group-email elementor-col-50 elementor-field-required\">\n\t\t\t\t\t\t\t\t\t\t\t\t<label for=\"form-field-email\" class=\"elementor-field-label elementor-screen-only\">\n\t\t\t\t\t\t\t\tEmail\t\t\t\t\t\t\t<\/label>\n\t\t\t\t\t\t\t\t\t\t\t\t\t\t<input size=\"1\" type=\"email\" name=\"form_fields[email]\" id=\"form-field-email\" class=\"elementor-field elementor-size-xs  elementor-field-textual\" placeholder=\"Email\" required=\"required\" aria-required=\"true\">\n\t\t\t\t\t\t\t\t\t\t\t<\/div>\n\t\t\t\t\t\t\t\t<div class=\"elementor-field-type-text elementor-field-group elementor-column elementor-field-group-field_b4ea681 elementor-col-100\">\n\t\t\t\t\t\t\t\t\t\t\t\t<label for=\"form-field-field_b4ea681\" class=\"elementor-field-label elementor-screen-only\">\n\t\t\t\t\t\t\t\tBetreff\t\t\t\t\t\t\t<\/label>\n\t\t\t\t\t\t\t\t\t\t\t\t\t\t<input size=\"1\" type=\"text\" name=\"form_fields[field_b4ea681]\" id=\"form-field-field_b4ea681\" class=\"elementor-field elementor-size-xs  elementor-field-textual\" placeholder=\"Betreff\">\n\t\t\t\t\t\t\t\t\t\t\t<\/div>\n\t\t\t\t\t\t\t\t<div class=\"elementor-field-type-textarea elementor-field-group elementor-column elementor-field-group-message elementor-col-100\">\n\t\t\t\t\t\t\t\t\t\t\t\t<label for=\"form-field-message\" class=\"elementor-field-label elementor-screen-only\">\n\t\t\t\t\t\t\t\tMessage\t\t\t\t\t\t\t<\/label>\n\t\t\t\t\t\t<textarea class=\"elementor-field-textual elementor-field  elementor-size-xs\" name=\"form_fields[message]\" id=\"form-field-message\" rows=\"4\" placeholder=\"Message\"><\/textarea>\t\t\t\t<\/div>\n\t\t\t\t\t\t\t\t<div class=\"elementor-field-group elementor-column elementor-field-type-submit elementor-col-40 e-form__buttons\">\n\t\t\t\t\t<button type=\"submit\" class=\"elementor-button elementor-size-sm\">\n\t\t\t\t\t\t<span >\n\t\t\t\t\t\t\t\t\t\t\t\t\t\t\t<span class=\" elementor-button-icon\">\n\t\t\t\t\t\t\t\t\t\t\t\t\t\t\t\t\t\t\t\t\t\t\t\t\t\t<\/span>\n\t\t\t\t\t\t\t\t\t\t\t\t\t\t\t\t\t\t\t\t\t\t<span class=\"elementor-button-text\">Send<\/span>\n\t\t\t\t\t\t\t\t\t\t\t\t\t<\/span>\n\t\t\t\t\t<\/button>\n\t\t\t\t<\/div>\n\t\t\t<\/div>\n\t\t<\/form>\n\t\t\t\t\t\t<\/div>\n\t\t\t\t<\/div>\n\t\t\t\t\t<\/div>\n\t\t<\/div>\n\t\t\t\t\t<\/div>\n\t\t<\/section>\n\t\t\t\t<section class=\"elementor-section elementor-top-section elementor-element elementor-element-0c392ba elementor-section-content-middle elementor-section-full_width elementor-section-height-default elementor-section-height-default\" data-id=\"0c392ba\" data-element_type=\"section\" data-settings=\"{&quot;background_background&quot;:&quot;classic&quot;}\">\n\t\t\t\t\t\t<div class=\"elementor-container elementor-column-gap-default\">\n\t\t\t\t\t<div class=\"elementor-column elementor-col-100 elementor-top-column elementor-element elementor-element-4d8878c bg_top_left animated-fast elementor-invisible\" data-id=\"4d8878c\" data-element_type=\"column\" data-settings=\"{&quot;animation&quot;:&quot;fadeInUp&quot;}\">\n\t\t\t<div class=\"elementor-widget-wrap elementor-element-populated\">\n\t\t\t\t\t\t<div class=\"elementor-element elementor-element-c9a4469 mb-0 c_inherit mx-auto elementor-widget__width-initial animated-fast elementor-invisible elementor-widget elementor-widget-text-editor\" data-id=\"c9a4469\" data-element_type=\"widget\" data-settings=\"{&quot;_animation&quot;:&quot;fadeInUp&quot;,&quot;_animation_delay&quot;:0.8}\" data-widget_type=\"text-editor.default\">\n\t\t\t\t<div class=\"elementor-widget-container\">\n\t\t\t\t\t\t\t\t\t<div class=\"text-center cright\"><p><span style=\"color: #ffffff;\">\u00a9 Copyrights Reserved XeonEurope<\/span><\/p><\/div>\t\t\t\t\t\t\t\t<\/div>\n\t\t\t\t<\/div>\n\t\t\t\t\t<\/div>\n\t\t<\/div>\n\t\t\t\t\t<\/div>\n\t\t<\/section>\n\t\t\t\t<\/div>\n\t\t","protected":false},"excerpt":{"rendered":"<p>Alternative mit Vorteilen \u00a0 Mit Underbold\u00ae-Wachsemulsionen bieten wir Alternativen zur Bodenstabilisierung mit nennenswerten Vorteilen in \u00f6konomischer, \u00f6kologischer und technischer Hinsicht. Unsere Produkte der Underbold\u00ae-Gruppe verbinden einzigartig die gew\u00fcnschten Eigenschaften zur [&hellip;]<\/p>\n","protected":false},"author":1,"featured_media":0,"parent":0,"menu_order":0,"comment_status":"closed","ping_status":"closed","template":"","meta":{"_monsterinsights_skip_tracking":false,"_monsterinsights_sitenote_active":false,"_monsterinsights_sitenote_note":"","_monsterinsights_sitenote_category":0,"footnotes":""},"class_list":["post-8102","page","type-page","status-publish","hentry"],"aioseo_notices":[],"_links":{"self":[{"href":"https:\/\/efotechnology.org\/index.php\/wp-json\/wp\/v2\/pages\/8102","targetHints":{"allow":["GET"]}}],"collection":[{"href":"https:\/\/efotechnology.org\/index.php\/wp-json\/wp\/v2\/pages"}],"about":[{"href":"https:\/\/efotechnology.org\/index.php\/wp-json\/wp\/v2\/types\/page"}],"author":[{"embeddable":true,"href":"https:\/\/efotechnology.org\/index.php\/wp-json\/wp\/v2\/users\/1"}],"replies":[{"embeddable":true,"href":"https:\/\/efotechnology.org\/index.php\/wp-json\/wp\/v2\/comments?post=8102"}],"version-history":[{"count":13,"href":"https:\/\/efotechnology.org\/index.php\/wp-json\/wp\/v2\/pages\/8102\/revisions"}],"predecessor-version":[{"id":8259,"href":"https:\/\/efotechnology.org\/index.php\/wp-json\/wp\/v2\/pages\/8102\/revisions\/8259"}],"wp:attachment":[{"href":"https:\/\/efotechnology.org\/index.php\/wp-json\/wp\/v2\/media?parent=8102"}],"curies":[{"name":"wp","href":"https:\/\/api.w.org\/{rel}","templated":true}]}}