{"id":54,"date":"2020-09-25T21:32:03","date_gmt":"2020-09-25T21:32:03","guid":{"rendered":"http:\/\/localhost\/wordpress_2020\/?page_id=54"},"modified":"2025-03-22T18:40:16","modified_gmt":"2025-03-22T18:40:16","slug":"home","status":"publish","type":"page","link":"https:\/\/efotechnology.org\/","title":{"rendered":"Home"},"content":{"rendered":"\t\t<div data-elementor-type=\"wp-page\" data-elementor-id=\"54\" class=\"elementor elementor-54\" data-elementor-post-type=\"page\">\n\t\t\t\t<div class=\"elementor-element elementor-element-f40bd5a e-flex e-con-boxed e-con e-parent\" data-id=\"f40bd5a\" data-element_type=\"container\">\n\t\t\t\t\t<div class=\"e-con-inner\">\n\t\t\t\t<div class=\"elementor-element elementor-element-6d249c3 elementor-widget elementor-widget-image-carousel\" data-id=\"6d249c3\" data-element_type=\"widget\" data-settings=\"{&quot;slides_to_show&quot;:&quot;1&quot;,&quot;navigation&quot;:&quot;none&quot;,&quot;autoplay&quot;:&quot;yes&quot;,&quot;pause_on_hover&quot;:&quot;yes&quot;,&quot;pause_on_interaction&quot;:&quot;yes&quot;,&quot;autoplay_speed&quot;:5000,&quot;infinite&quot;:&quot;yes&quot;,&quot;effect&quot;:&quot;slide&quot;,&quot;speed&quot;:500}\" data-widget_type=\"image-carousel.default\">\n\t\t\t\t<div class=\"elementor-widget-container\">\n\t\t\t\t\t\t\t<div class=\"elementor-image-carousel-wrapper swiper\" role=\"region\" aria-roledescription=\"carousel\" aria-label=\"Bild Karussell\" dir=\"ltr\">\n\t\t\t<div class=\"elementor-image-carousel swiper-wrapper\" aria-live=\"off\">\n\t\t\t\t\t\t\t\t<div class=\"swiper-slide\" role=\"group\" aria-roledescription=\"slide\" aria-label=\"1 von 4\"><figure class=\"swiper-slide-inner\"><img decoding=\"async\" class=\"swiper-slide-image\" src=\"https:\/\/efotechnology.org\/wp-content\/uploads\/2025\/03\/ALP-Group.png\" alt=\"ALP-Group\" \/><\/figure><\/div><div class=\"swiper-slide\" role=\"group\" aria-roledescription=\"slide\" aria-label=\"2 von 4\"><figure class=\"swiper-slide-inner\"><img decoding=\"async\" class=\"swiper-slide-image\" src=\"https:\/\/efotechnology.org\/wp-content\/uploads\/2025\/03\/Unweltfreundlicher-1.png\" alt=\"Unweltfreundlicher-1\" \/><\/figure><\/div><div class=\"swiper-slide\" role=\"group\" aria-roledescription=\"slide\" aria-label=\"3 von 4\"><figure class=\"swiper-slide-inner\"><img decoding=\"async\" class=\"swiper-slide-image\" src=\"https:\/\/efotechnology.org\/wp-content\/uploads\/2025\/03\/Fortschritt-durch-Innovation-1.png\" alt=\"Fortschritt-durch-Innovation-1\" \/><\/figure><\/div><div class=\"swiper-slide\" role=\"group\" aria-roledescription=\"slide\" aria-label=\"4 von 4\"><figure class=\"swiper-slide-inner\"><img decoding=\"async\" class=\"swiper-slide-image\" src=\"https:\/\/efotechnology.org\/wp-content\/uploads\/2025\/03\/Umweltschutz1.png\" alt=\"Umweltschutz1\" \/><\/figure><\/div>\t\t\t<\/div>\n\t\t\t\t\t\t\t\n\t\t\t\t\t\t\t\t\t<\/div>\n\t\t\t\t\t\t<\/div>\n\t\t\t\t<\/div>\n\t\t\t\t\t<\/div>\n\t\t\t\t<\/div>\n\t\t<div class=\"elementor-element elementor-element-80438e0 e-flex e-con-boxed e-con e-parent\" data-id=\"80438e0\" data-element_type=\"container\">\n\t\t\t\t\t<div class=\"e-con-inner\">\n\t\t\t\t\t<\/div>\n\t\t\t\t<\/div>\n\t\t<div class=\"elementor-element elementor-element-bbec363 e-flex e-con-boxed e-con e-parent\" data-id=\"bbec363\" data-element_type=\"container\">\n\t\t\t\t\t<div class=\"e-con-inner\">\n\t\t\t\t<div class=\"elementor-element elementor-element-81368d5 elementor-widget elementor-widget-text-editor\" data-id=\"81368d5\" data-element_type=\"widget\" data-widget_type=\"text-editor.default\">\n\t\t\t\t<div class=\"elementor-widget-container\">\n\t\t\t\t\t\t\t\t\t<div class=\"section_title\">\n<h4>Underbold\u00ae<\/h4>\n<\/div>\n<div class=\"section_sub\">Fortschritt durch Innovation<\/div>\n<p>Als zentraler Vertrieb der Underbold\u00ae-Wachsemulsionen liegt unser Schwerpunkt im Vertrieb innovativer Baustoffe f\u00fcr den Bau von Verkehrsinfrastruktur. Mit unseren eindrucksvollen Produkten der Underbold\u00ae-Gruppe schaffen wir f\u00fcr unsere Kunden im Stra\u00dfen- und Fl\u00e4chenbau einen messbaren Mehrwert in \u00f6konomischer, \u00f6kologischer und technischer Hinsicht und heben uns deutlich vom Wettbewerb ab.\u00a0<\/p>\n<p>Unsere Produkte verbinden einzigartig die gew\u00fcnschten Eigenschaften zur Herstellung einer kosteng\u00fcnstigen, lange tragf\u00e4higen, belastbaren und hochwertigen Fahrbahnbefestigung.\u00a0<\/p>\t\t\t\t\t\t\t\t<\/div>\n\t\t\t\t<\/div>\n\t\t\t\t\t<\/div>\n\t\t\t\t<\/div>\n\t\t<div class=\"elementor-element elementor-element-2d065d3 e-flex e-con-boxed e-con e-parent\" data-id=\"2d065d3\" data-element_type=\"container\">\n\t\t\t\t\t<div class=\"e-con-inner\">\n\t\t\t\t<div class=\"elementor-element elementor-element-7ece60f elementor-widget-divider--view-line elementor-widget elementor-widget-divider\" data-id=\"7ece60f\" data-element_type=\"widget\" data-widget_type=\"divider.default\">\n\t\t\t\t<div class=\"elementor-widget-container\">\n\t\t\t\t\t\t\t<div class=\"elementor-divider\">\n\t\t\t<span class=\"elementor-divider-separator\">\n\t\t\t\t\t\t<\/span>\n\t\t<\/div>\n\t\t\t\t\t\t<\/div>\n\t\t\t\t<\/div>\n\t\t\t\t\t<\/div>\n\t\t\t\t<\/div>\n\t\t<div class=\"elementor-element elementor-element-ac2ae41 e-flex e-con-boxed e-con e-parent\" data-id=\"ac2ae41\" data-element_type=\"container\">\n\t\t\t\t\t<div class=\"e-con-inner\">\n\t\t\t\t<div class=\"elementor-element elementor-element-412df00 elementor-widget elementor-widget-text-editor\" data-id=\"412df00\" data-element_type=\"widget\" data-widget_type=\"text-editor.default\">\n\t\t\t\t<div class=\"elementor-widget-container\">\n\t\t\t\t\t\t\t\t\t<div class=\"section_title\">\n<h4>Produktbezogener Umweltschutz<\/h4>\n<\/div>\n<div class=\"section_sub\">Verantwortungsvoll handeln<\/div>\n<p>Wir sind uns in unserer Verantwortung gegen\u00fcber Gesellschaft, der Umwelt und den nachfolgenden Generationen bewusst. Die innovativen Underbold\u00ae-Produkte tragen wesentlich zur Erreichung unserer \u00f6kologischen Ziele bei und \u00f6ffnen Auftraggebern neue Perspektiven.\u00a0<\/p>\n<p>Die in Deutschland entwickelten und produzierten Wachsemulsionen sind rein biologisch und zu 100% abbaubar. Bei der Herstellung von Underbold\u00ae-Produkten werden ausschlie\u00dflich organische Stoffe gem\u00e4\u00df ISO 9001:2008-Zertifikat verwendet.\u00a0<\/p>\t\t\t\t\t\t\t\t<\/div>\n\t\t\t\t<\/div>\n\t\t\t\t\t<\/div>\n\t\t\t\t<\/div>\n\t\t<div class=\"elementor-element elementor-element-c3e1051 e-flex e-con-boxed e-con e-parent\" data-id=\"c3e1051\" data-element_type=\"container\">\n\t\t\t\t\t<div class=\"e-con-inner\">\n\t\t\t\t<div class=\"elementor-element elementor-element-d6ddbb8 elementor-widget-divider--view-line elementor-widget elementor-widget-divider\" data-id=\"d6ddbb8\" data-element_type=\"widget\" data-widget_type=\"divider.default\">\n\t\t\t\t<div class=\"elementor-widget-container\">\n\t\t\t\t\t\t\t<div class=\"elementor-divider\">\n\t\t\t<span class=\"elementor-divider-separator\">\n\t\t\t\t\t\t<\/span>\n\t\t<\/div>\n\t\t\t\t\t\t<\/div>\n\t\t\t\t<\/div>\n\t\t\t\t\t<\/div>\n\t\t\t\t<\/div>\n\t\t<div class=\"elementor-element elementor-element-87ee13b e-flex e-con-boxed e-con e-parent\" data-id=\"87ee13b\" data-element_type=\"container\">\n\t\t\t\t\t<div class=\"e-con-inner\">\n\t\t\t\t<div class=\"elementor-element elementor-element-fcecf5a elementor-widget elementor-widget-text-editor\" data-id=\"fcecf5a\" data-element_type=\"widget\" data-widget_type=\"text-editor.default\">\n\t\t\t\t<div class=\"elementor-widget-container\">\n\t\t\t\t\t\t\t\t\t<div class=\"section_title\">\n<h4>T\u00dcV-Rheinland LBA Bautechnik GmbH<\/h4>\n<\/div>\n<div class=\"section_sub\">Gepr\u00fcft und best\u00e4tigt<\/div>\n<p>Die T\u00dcV Rheinland LBA Bautechnik GmbH best\u00e4tigte als unabh\u00e4ngiger Dienstleister und Zertifizierer die Eigenschaften der Underbold\u00ae-Produkte. Durch Gutachten wurden bei Einsatz der Innovationen neben hervorragenden Ergebnissen zur Druckfestigkeit und Stabilit\u00e4t zudem \u00f6kologische Vorteile nachgewiesen.<\/p>\n<p>Auf Wunsch \u00fcbersenden wir Ihnen unsere T\u00dcV Gutachten.\u00a0<\/p>\t\t\t\t\t\t\t\t<\/div>\n\t\t\t\t<\/div>\n\t\t\t\t\t<\/div>\n\t\t\t\t<\/div>\n\t\t<div class=\"elementor-element elementor-element-b61c0bd e-flex e-con-boxed e-con e-parent\" data-id=\"b61c0bd\" data-element_type=\"container\">\n\t\t\t\t\t<div class=\"e-con-inner\">\n\t\t\t\t<div class=\"elementor-element elementor-element-f8401dd elementor-widget-divider--view-line elementor-widget elementor-widget-divider\" data-id=\"f8401dd\" data-element_type=\"widget\" data-widget_type=\"divider.default\">\n\t\t\t\t<div class=\"elementor-widget-container\">\n\t\t\t\t\t\t\t<div class=\"elementor-divider\">\n\t\t\t<span class=\"elementor-divider-separator\">\n\t\t\t\t\t\t<\/span>\n\t\t<\/div>\n\t\t\t\t\t\t<\/div>\n\t\t\t\t<\/div>\n\t\t\t\t\t<\/div>\n\t\t\t\t<\/div>\n\t\t<div class=\"elementor-element elementor-element-3e2bce7 e-flex e-con-boxed e-con e-parent\" data-id=\"3e2bce7\" data-element_type=\"container\">\n\t\t\t\t\t<div class=\"e-con-inner\">\n\t\t\t\t<div class=\"elementor-element elementor-element-dbf9025 elementor-widget elementor-widget-text-editor\" data-id=\"dbf9025\" data-element_type=\"widget\" data-widget_type=\"text-editor.default\">\n\t\t\t\t<div class=\"elementor-widget-container\">\n\t\t\t\t\t\t\t\t\t<div class=\"section_title\"><h4>Vorteile von Underbold im Vergleich zur konventionellen Bauweise:<\/h4><\/div><ul><li>Immense Zeiteinsparungspotentiale \/ schnellere Unterbauweise<\/li><li>enorme wirtschaftliche Einsparung<\/li><li>Bessere Best\u00e4ndigkeit und Frostschutz<\/li><li>Bei allen B\u00f6den einsetzbar<\/li><\/ul>\t\t\t\t\t\t\t\t<\/div>\n\t\t\t\t<\/div>\n\t\t\t\t\t<\/div>\n\t\t\t\t<\/div>\n\t\t<div class=\"elementor-element elementor-element-230aa58 e-flex e-con-boxed e-con e-parent\" data-id=\"230aa58\" data-element_type=\"container\">\n\t\t\t\t\t<div class=\"e-con-inner\">\n\t\t\t\t<div class=\"elementor-element elementor-element-354b5ad elementor-widget-divider--view-line elementor-widget elementor-widget-divider\" data-id=\"354b5ad\" data-element_type=\"widget\" data-widget_type=\"divider.default\">\n\t\t\t\t<div class=\"elementor-widget-container\">\n\t\t\t\t\t\t\t<div class=\"elementor-divider\">\n\t\t\t<span class=\"elementor-divider-separator\">\n\t\t\t\t\t\t<\/span>\n\t\t<\/div>\n\t\t\t\t\t\t<\/div>\n\t\t\t\t<\/div>\n\t\t\t\t\t<\/div>\n\t\t\t\t<\/div>\n\t\t<div class=\"elementor-element elementor-element-c45e646 e-flex e-con-boxed e-con e-parent\" data-id=\"c45e646\" data-element_type=\"container\">\n\t\t\t\t\t<div class=\"e-con-inner\">\n\t\t\t\t<div class=\"elementor-element elementor-element-86061ed elementor-widget elementor-widget-text-editor\" data-id=\"86061ed\" data-element_type=\"widget\" data-widget_type=\"text-editor.default\">\n\t\t\t\t<div class=\"elementor-widget-container\">\n\t\t\t\t\t\t\t\t\t<div class=\"section_title\"><h4>Produktportfolio<\/h4><\/div><div class=\"section_sub\">F\u00fcr alle verkehrstechnischen und klimatischen Herausforderungen eine ma\u00dfgeschneidert L\u00f6sung.<\/div>\t\t\t\t\t\t\t\t<\/div>\n\t\t\t\t<\/div>\n\t\t\t\t\t<\/div>\n\t\t\t\t<\/div>\n\t\t<div class=\"elementor-element elementor-element-00be4b1 e-flex e-con-boxed e-con e-parent\" data-id=\"00be4b1\" data-element_type=\"container\">\n\t\t\t\t\t<div class=\"e-con-inner\">\n\t\t<div class=\"elementor-element elementor-element-9f44bfe e-con-full e-flex e-con e-child\" data-id=\"9f44bfe\" data-element_type=\"container\">\n\t\t\t\t<div class=\"elementor-element elementor-element-e20b44c elementor-widget elementor-widget-image-carousel\" data-id=\"e20b44c\" data-element_type=\"widget\" data-settings=\"{&quot;slides_to_show&quot;:&quot;1&quot;,&quot;navigation&quot;:&quot;none&quot;,&quot;autoplay&quot;:&quot;yes&quot;,&quot;pause_on_hover&quot;:&quot;yes&quot;,&quot;pause_on_interaction&quot;:&quot;yes&quot;,&quot;autoplay_speed&quot;:5000,&quot;infinite&quot;:&quot;yes&quot;,&quot;effect&quot;:&quot;slide&quot;,&quot;speed&quot;:500}\" data-widget_type=\"image-carousel.default\">\n\t\t\t\t<div class=\"elementor-widget-container\">\n\t\t\t\t\t\t\t<div class=\"elementor-image-carousel-wrapper swiper\" role=\"region\" aria-roledescription=\"carousel\" aria-label=\"Bild Karussell\" dir=\"ltr\">\n\t\t\t<div class=\"elementor-image-carousel swiper-wrapper\" aria-live=\"off\">\n\t\t\t\t\t\t\t\t<div class=\"swiper-slide\" role=\"group\" aria-roledescription=\"slide\" aria-label=\"1 von 4\"><figure class=\"swiper-slide-inner\"><img decoding=\"async\" class=\"swiper-slide-image\" src=\"https:\/\/efotechnology.org\/wp-content\/uploads\/2025\/03\/PPortfolio_4.png\" alt=\"PPortfolio_4\" \/><\/figure><\/div><div class=\"swiper-slide\" role=\"group\" aria-roledescription=\"slide\" aria-label=\"2 von 4\"><figure class=\"swiper-slide-inner\"><img decoding=\"async\" class=\"swiper-slide-image\" src=\"https:\/\/efotechnology.org\/wp-content\/uploads\/2025\/03\/PPortfolio_3.png\" alt=\"PPortfolio_3\" \/><\/figure><\/div><div class=\"swiper-slide\" role=\"group\" aria-roledescription=\"slide\" aria-label=\"3 von 4\"><figure class=\"swiper-slide-inner\"><img decoding=\"async\" class=\"swiper-slide-image\" src=\"https:\/\/efotechnology.org\/wp-content\/uploads\/2025\/03\/PPortfolio_2.png\" alt=\"PPortfolio_2\" \/><\/figure><\/div><div class=\"swiper-slide\" role=\"group\" aria-roledescription=\"slide\" aria-label=\"4 von 4\"><figure class=\"swiper-slide-inner\"><img decoding=\"async\" class=\"swiper-slide-image\" src=\"https:\/\/efotechnology.org\/wp-content\/uploads\/2025\/03\/PPortfolio_1.png\" alt=\"PPortfolio_1\" \/><\/figure><\/div>\t\t\t<\/div>\n\t\t\t\t\t\t\t\n\t\t\t\t\t\t\t\t\t<\/div>\n\t\t\t\t\t\t<\/div>\n\t\t\t\t<\/div>\n\t\t\t\t<\/div>\n\t\t\t\t\t<\/div>\n\t\t\t\t<\/div>\n\t\t\t\t<section class=\"elementor-section elementor-top-section elementor-element elementor-element-2d22a95 elementor-section-full_width elementor-section-height-default elementor-section-height-default\" data-id=\"2d22a95\" data-element_type=\"section\" data-settings=\"{&quot;background_background&quot;:&quot;classic&quot;}\">\n\t\t\t\t\t\t<div class=\"elementor-container elementor-column-gap-default\">\n\t\t\t\t\t<div class=\"elementor-column elementor-col-25 elementor-top-column elementor-element elementor-element-189a5e7 bg_top_left animated-fast elementor-invisible\" data-id=\"189a5e7\" data-element_type=\"column\" data-settings=\"{&quot;animation&quot;:&quot;fadeInUp&quot;}\">\n\t\t\t<div class=\"elementor-widget-wrap elementor-element-populated\">\n\t\t\t\t\t\t<div class=\"elementor-element elementor-element-4dece34 elementor-widget__width-initial elementor-widget elementor-widget-image\" data-id=\"4dece34\" data-element_type=\"widget\" data-widget_type=\"image.default\">\n\t\t\t\t<div class=\"elementor-widget-container\">\n\t\t\t\t\t\t\t\t\t\t\t\t\t\t\t<img decoding=\"async\" width=\"300\" height=\"155\" src=\"https:\/\/efotechnology.org\/wp-content\/uploads\/2025\/03\/logo-white-300x155.webp\" class=\"attachment-medium size-medium wp-image-7913\" alt=\"\" srcset=\"https:\/\/efotechnology.org\/wp-content\/uploads\/2025\/03\/logo-white-300x155.webp 300w, https:\/\/efotechnology.org\/wp-content\/uploads\/2025\/03\/logo-white.webp 512w\" sizes=\"(max-width: 300px) 100vw, 300px\" \/>\t\t\t\t\t\t\t\t\t\t\t\t\t\t\t<\/div>\n\t\t\t\t<\/div>\n\t\t\t\t<div class=\"elementor-element elementor-element-f161c9b elementor-widget__width-initial elementor-widget elementor-widget-text-editor\" data-id=\"f161c9b\" data-element_type=\"widget\" data-widget_type=\"text-editor.default\">\n\t\t\t\t<div class=\"elementor-widget-container\">\n\t\t\t\t\t\t\t\t\t<p><b>Alipour Group GmbH<\/b><br \/><br \/>Steinmetzstra\u00dfe 2 <br \/>86165 Augsburg Germany<br \/>P.+49 821 44 96 89 43 <br \/>F.+49 821 44 97 20 27 <br \/>info@alipour-group.com<\/p>\t\t\t\t\t\t\t\t<\/div>\n\t\t\t\t<\/div>\n\t\t\t\t\t<\/div>\n\t\t<\/div>\n\t\t\t\t<div class=\"elementor-column elementor-col-25 elementor-top-column elementor-element elementor-element-61b3b35 bg_top_left animated-fast elementor-invisible\" data-id=\"61b3b35\" data-element_type=\"column\" data-settings=\"{&quot;animation&quot;:&quot;fadeInUp&quot;}\">\n\t\t\t<div class=\"elementor-widget-wrap elementor-element-populated\">\n\t\t\t\t\t\t<div class=\"elementor-element elementor-element-f084fdd elementor-widget__width-initial elementor-widget elementor-widget-text-editor\" data-id=\"f084fdd\" data-element_type=\"widget\" data-widget_type=\"text-editor.default\">\n\t\t\t\t<div class=\"elementor-widget-container\">\n\t\t\t\t\t\t\t\t\t<div class=\"col-xs-12 col-sm-6 col-md-6 col-lg-3\"><p><b>Sitemap<\/b><\/p><ul id=\"menu-sitemap-de\" class=\"sitemap animate\"><li id=\"menu-item-67\" class=\"menu-item menu-item-type-post_type menu-item-object-page menu-item-67\"><a title=\"Unternehmen\" href=\"https:\/\/efotechnology.org\/index.php\/unternehmen\/\">Unternehmen<\/a><\/li><li id=\"menu-item-69\" class=\"menu-item menu-item-type-post_type menu-item-object-page menu-item-69\"><a title=\"International\" href=\"https:\/\/efotechnology.org\/index.php\/international\/\">International<\/a><\/li><li id=\"menu-item-489\" class=\"menu-item menu-item-type-post_type menu-item-object-page menu-item-489\"><a title=\"Datenschutz\" href=\"https:\/\/efotechnology.org\/index.php\/datenschutz-2\/\">Datenschutz<\/a><\/li><li id=\"menu-item-488\" class=\"menu-item menu-item-type-post_type menu-item-object-page menu-item-488\"><a title=\"Impressum\" href=\"https:\/\/efotechnology.org\/index.php\/impressum\/\">Impressum<\/a><\/li><\/ul><\/div>\t\t\t\t\t\t\t\t<\/div>\n\t\t\t\t<\/div>\n\t\t\t\t\t<\/div>\n\t\t<\/div>\n\t\t\t\t<div class=\"elementor-column elementor-col-25 elementor-top-column elementor-element elementor-element-d2709b9 bg_top_left animated-fast elementor-invisible\" data-id=\"d2709b9\" data-element_type=\"column\" data-settings=\"{&quot;animation&quot;:&quot;fadeInUp&quot;}\">\n\t\t\t<div class=\"elementor-widget-wrap elementor-element-populated\">\n\t\t\t\t\t\t<div class=\"elementor-element elementor-element-604b64c elementor-widget__width-initial elementor-widget elementor-widget-text-editor\" data-id=\"604b64c\" data-element_type=\"widget\" data-widget_type=\"text-editor.default\">\n\t\t\t\t<div class=\"elementor-widget-container\">\n\t\t\t\t\t\t\t\t\t<p><b>Sie haben Fragen? Dann kontaktieren Sie uns.<\/b><\/p><p>Gerne beantworten wir Ihre Fragen zu unserem Unternehmen<br \/>und freuen uns jederzeit \u00fcber Ihre Anregungen und Feedback.<\/p>\t\t\t\t\t\t\t\t<\/div>\n\t\t\t\t<\/div>\n\t\t\t\t\t<\/div>\n\t\t<\/div>\n\t\t\t\t<div class=\"elementor-column elementor-col-25 elementor-top-column elementor-element elementor-element-4b6ccd7 bg_top_left animated-fast elementor-invisible\" data-id=\"4b6ccd7\" data-element_type=\"column\" data-settings=\"{&quot;animation&quot;:&quot;fadeInUp&quot;}\">\n\t\t\t<div class=\"elementor-widget-wrap elementor-element-populated\">\n\t\t\t\t\t\t<div class=\"elementor-element elementor-element-94cedd3 elementor-widget__width-initial elementor-button-align-stretch elementor-widget elementor-widget-form\" data-id=\"94cedd3\" data-element_type=\"widget\" data-settings=\"{&quot;button_width&quot;:&quot;40&quot;,&quot;step_next_label&quot;:&quot;Next&quot;,&quot;step_previous_label&quot;:&quot;Previous&quot;,&quot;step_type&quot;:&quot;number_text&quot;,&quot;step_icon_shape&quot;:&quot;circle&quot;}\" data-widget_type=\"form.default\">\n\t\t\t\t<div class=\"elementor-widget-container\">\n\t\t\t\t\t\t\t<form class=\"elementor-form\" method=\"post\" name=\"New Form\">\n\t\t\t<input type=\"hidden\" name=\"post_id\" value=\"54\"\/>\n\t\t\t<input type=\"hidden\" name=\"form_id\" value=\"94cedd3\"\/>\n\t\t\t<input type=\"hidden\" name=\"referer_title\" value=\"\" \/>\n\n\t\t\t\n\t\t\t<div class=\"elementor-form-fields-wrapper elementor-labels-\">\n\t\t\t\t\t\t\t\t<div class=\"elementor-field-type-text elementor-field-group elementor-column elementor-field-group-name elementor-col-50\">\n\t\t\t\t\t\t\t\t\t\t\t\t<label for=\"form-field-name\" class=\"elementor-field-label elementor-screen-only\">\n\t\t\t\t\t\t\t\tName\t\t\t\t\t\t\t<\/label>\n\t\t\t\t\t\t\t\t\t\t\t\t\t\t<input size=\"1\" type=\"text\" name=\"form_fields[name]\" id=\"form-field-name\" class=\"elementor-field elementor-size-xs  elementor-field-textual\" placeholder=\"Name\">\n\t\t\t\t\t\t\t\t\t\t\t<\/div>\n\t\t\t\t\t\t\t\t<div class=\"elementor-field-type-email elementor-field-group elementor-column elementor-field-group-email elementor-col-50 elementor-field-required\">\n\t\t\t\t\t\t\t\t\t\t\t\t<label for=\"form-field-email\" class=\"elementor-field-label elementor-screen-only\">\n\t\t\t\t\t\t\t\tEmail\t\t\t\t\t\t\t<\/label>\n\t\t\t\t\t\t\t\t\t\t\t\t\t\t<input size=\"1\" type=\"email\" name=\"form_fields[email]\" id=\"form-field-email\" class=\"elementor-field elementor-size-xs  elementor-field-textual\" placeholder=\"Email\" required=\"required\" aria-required=\"true\">\n\t\t\t\t\t\t\t\t\t\t\t<\/div>\n\t\t\t\t\t\t\t\t<div class=\"elementor-field-type-text elementor-field-group elementor-column elementor-field-group-field_b4ea681 elementor-col-100\">\n\t\t\t\t\t\t\t\t\t\t\t\t<label for=\"form-field-field_b4ea681\" class=\"elementor-field-label elementor-screen-only\">\n\t\t\t\t\t\t\t\tBetreff\t\t\t\t\t\t\t<\/label>\n\t\t\t\t\t\t\t\t\t\t\t\t\t\t<input size=\"1\" type=\"text\" name=\"form_fields[field_b4ea681]\" id=\"form-field-field_b4ea681\" class=\"elementor-field elementor-size-xs  elementor-field-textual\" placeholder=\"Betreff\">\n\t\t\t\t\t\t\t\t\t\t\t<\/div>\n\t\t\t\t\t\t\t\t<div class=\"elementor-field-type-textarea elementor-field-group elementor-column elementor-field-group-message elementor-col-100\">\n\t\t\t\t\t\t\t\t\t\t\t\t<label for=\"form-field-message\" class=\"elementor-field-label elementor-screen-only\">\n\t\t\t\t\t\t\t\tMessage\t\t\t\t\t\t\t<\/label>\n\t\t\t\t\t\t<textarea class=\"elementor-field-textual elementor-field  elementor-size-xs\" name=\"form_fields[message]\" id=\"form-field-message\" rows=\"4\" placeholder=\"Message\"><\/textarea>\t\t\t\t<\/div>\n\t\t\t\t\t\t\t\t<div class=\"elementor-field-type-recaptcha_v3 elementor-field-group elementor-column elementor-field-group-field_2be6a92 elementor-col-100 recaptcha_v3-inline\">\n\t\t\t\t\t<div class=\"elementor-field\" id=\"form-field-field_2be6a92\"><div class=\"elementor-g-recaptcha\" data-sitekey=\"6Lew8fwqAAAAADHLDkribacpzFiwrA9BVPZpz_z8\" data-type=\"v3\" data-action=\"Form\" data-badge=\"inline\" data-size=\"invisible\"><\/div><\/div>\t\t\t\t<\/div>\n\t\t\t\t\t\t\t\t<div class=\"elementor-field-group elementor-column elementor-field-type-submit elementor-col-40 e-form__buttons\">\n\t\t\t\t\t<button type=\"submit\" class=\"elementor-button elementor-size-sm\">\n\t\t\t\t\t\t<span >\n\t\t\t\t\t\t\t\t\t\t\t\t\t\t\t<span class=\" elementor-button-icon\">\n\t\t\t\t\t\t\t\t\t\t\t\t\t\t\t\t\t\t\t\t\t\t\t\t\t\t<\/span>\n\t\t\t\t\t\t\t\t\t\t\t\t\t\t\t\t\t\t\t\t\t\t<span class=\"elementor-button-text\">Send<\/span>\n\t\t\t\t\t\t\t\t\t\t\t\t\t<\/span>\n\t\t\t\t\t<\/button>\n\t\t\t\t<\/div>\n\t\t\t<\/div>\n\t\t<\/form>\n\t\t\t\t\t\t<\/div>\n\t\t\t\t<\/div>\n\t\t\t\t\t<\/div>\n\t\t<\/div>\n\t\t\t\t\t<\/div>\n\t\t<\/section>\n\t\t\t\t<section class=\"elementor-section elementor-top-section elementor-element elementor-element-0c392ba elementor-section-content-middle elementor-section-full_width elementor-section-height-default elementor-section-height-default\" data-id=\"0c392ba\" data-element_type=\"section\" data-settings=\"{&quot;background_background&quot;:&quot;classic&quot;}\">\n\t\t\t\t\t\t<div class=\"elementor-container elementor-column-gap-default\">\n\t\t\t\t\t<div class=\"elementor-column elementor-col-100 elementor-top-column elementor-element elementor-element-4d8878c bg_top_left animated-fast elementor-invisible\" data-id=\"4d8878c\" data-element_type=\"column\" data-settings=\"{&quot;animation&quot;:&quot;fadeInUp&quot;}\">\n\t\t\t<div class=\"elementor-widget-wrap elementor-element-populated\">\n\t\t\t\t\t\t<div class=\"elementor-element elementor-element-c9a4469 mb-0 c_inherit mx-auto elementor-widget__width-initial animated-fast elementor-invisible elementor-widget elementor-widget-text-editor\" data-id=\"c9a4469\" data-element_type=\"widget\" data-settings=\"{&quot;_animation&quot;:&quot;fadeInUp&quot;,&quot;_animation_delay&quot;:0.8}\" data-widget_type=\"text-editor.default\">\n\t\t\t\t<div class=\"elementor-widget-container\">\n\t\t\t\t\t\t\t\t\t<div class=\"text-center cright\"><p><span style=\"color: #ffffff;\">\u00a9 Copyrights Reserved XeonEurope<\/span><\/p><\/div>\t\t\t\t\t\t\t\t<\/div>\n\t\t\t\t<\/div>\n\t\t\t\t\t<\/div>\n\t\t<\/div>\n\t\t\t\t\t<\/div>\n\t\t<\/section>\n\t\t\t\t<\/div>\n\t\t","protected":false},"excerpt":{"rendered":"<p>Underbold\u00ae Fortschritt durch Innovation Als zentraler Vertrieb der Underbold\u00ae-Wachsemulsionen liegt unser Schwerpunkt im Vertrieb innovativer Baustoffe f\u00fcr den Bau von Verkehrsinfrastruktur. Mit unseren eindrucksvollen Produkten der Underbold\u00ae-Gruppe schaffen wir f\u00fcr [&hellip;]<\/p>\n","protected":false},"author":1,"featured_media":0,"parent":0,"menu_order":0,"comment_status":"closed","ping_status":"closed","template":"","meta":{"_monsterinsights_skip_tracking":false,"_monsterinsights_sitenote_active":false,"_monsterinsights_sitenote_note":"","_monsterinsights_sitenote_category":0,"footnotes":""},"class_list":["post-54","page","type-page","status-publish","hentry"],"aioseo_notices":[],"_links":{"self":[{"href":"https:\/\/efotechnology.org\/index.php\/wp-json\/wp\/v2\/pages\/54","targetHints":{"allow":["GET"]}}],"collection":[{"href":"https:\/\/efotechnology.org\/index.php\/wp-json\/wp\/v2\/pages"}],"about":[{"href":"https:\/\/efotechnology.org\/index.php\/wp-json\/wp\/v2\/types\/page"}],"author":[{"embeddable":true,"href":"https:\/\/efotechnology.org\/index.php\/wp-json\/wp\/v2\/users\/1"}],"replies":[{"embeddable":true,"href":"https:\/\/efotechnology.org\/index.php\/wp-json\/wp\/v2\/comments?post=54"}],"version-history":[{"count":121,"href":"https:\/\/efotechnology.org\/index.php\/wp-json\/wp\/v2\/pages\/54\/revisions"}],"predecessor-version":[{"id":8316,"href":"https:\/\/efotechnology.org\/index.php\/wp-json\/wp\/v2\/pages\/54\/revisions\/8316"}],"wp:attachment":[{"href":"https:\/\/efotechnology.org\/index.php\/wp-json\/wp\/v2\/media?parent=54"}],"curies":[{"name":"wp","href":"https:\/\/api.w.org\/{rel}","templated":true}]}}